{"id":19179,"date":"2023-03-07T23:59:37","date_gmt":"2023-03-07T23:59:37","guid":{"rendered":"https:\/\/www.egypt-liveaboard.com\/?page_id=19179"},"modified":"2023-08-01T01:04:46","modified_gmt":"2023-07-31T23:04:46","slug":"conditions-dutilisation","status":"publish","type":"page","link":"https:\/\/www.egypt-liveaboard.com\/fr\/conditions-dutilisation\/","title":{"rendered":"Conditions d&rsquo;utilisation"},"content":{"rendered":"\t\t<div data-elementor-type=\"wp-page\" data-elementor-id=\"19179\" class=\"elementor elementor-19179\">\n\t\t\t\t\t\t\t\t\t<section data-particle_enable=\"false\" data-particle-mobile-disabled=\"false\" class=\"elementor-section elementor-top-section elementor-element elementor-element-e7e8198 elementor-section-boxed elementor-section-height-default elementor-section-height-default\" data-id=\"e7e8198\" data-element_type=\"section\">\n\t\t\t\t\t\t<div class=\"elementor-container elementor-column-gap-default\">\n\t\t\t\t\t<div class=\"elementor-column elementor-col-100 elementor-top-column elementor-element elementor-element-7986393\" data-id=\"7986393\" data-element_type=\"column\">\n\t\t\t<div class=\"elementor-widget-wrap elementor-element-populated\">\n\t\t\t\t\t\t\t\t<div class=\"elementor-element elementor-element-5dfe486 elementor-widget elementor-widget-heading\" data-id=\"5dfe486\" data-element_type=\"widget\" data-widget_type=\"heading.default\">\n\t\t\t\t<div class=\"elementor-widget-container\">\n\t\t\t<style>\/*! elementor - v3.12.2 - 23-04-2023 *\/\n.elementor-heading-title{padding:0;margin:0;line-height:1}.elementor-widget-heading .elementor-heading-title[class*=elementor-size-]>a{color:inherit;font-size:inherit;line-height:inherit}.elementor-widget-heading .elementor-heading-title.elementor-size-small{font-size:15px}.elementor-widget-heading .elementor-heading-title.elementor-size-medium{font-size:19px}.elementor-widget-heading .elementor-heading-title.elementor-size-large{font-size:29px}.elementor-widget-heading .elementor-heading-title.elementor-size-xl{font-size:39px}.elementor-widget-heading .elementor-heading-title.elementor-size-xxl{font-size:59px}<\/style><h1 class=\"elementor-heading-title elementor-size-xl\">Conditions d'utilisation<\/h1>\t\t<\/div>\n\t\t\t\t<\/div>\n\t\t\t\t<div class=\"elementor-element elementor-element-0c139fb elementor-widget-divider--view-line elementor-widget elementor-widget-divider\" data-id=\"0c139fb\" data-element_type=\"widget\" data-widget_type=\"divider.default\">\n\t\t\t\t<div class=\"elementor-widget-container\">\n\t\t\t<style>\/*! elementor - v3.12.2 - 23-04-2023 *\/\n.elementor-widget-divider{--divider-border-style:none;--divider-border-width:1px;--divider-color:#0c0d0e;--divider-icon-size:20px;--divider-element-spacing:10px;--divider-pattern-height:24px;--divider-pattern-size:20px;--divider-pattern-url:none;--divider-pattern-repeat:repeat-x}.elementor-widget-divider .elementor-divider{display:flex}.elementor-widget-divider .elementor-divider__text{font-size:15px;line-height:1;max-width:95%}.elementor-widget-divider .elementor-divider__element{margin:0 var(--divider-element-spacing);flex-shrink:0}.elementor-widget-divider .elementor-icon{font-size:var(--divider-icon-size)}.elementor-widget-divider .elementor-divider-separator{display:flex;margin:0;direction:ltr}.elementor-widget-divider--view-line_icon .elementor-divider-separator,.elementor-widget-divider--view-line_text .elementor-divider-separator{align-items:center}.elementor-widget-divider--view-line_icon .elementor-divider-separator:after,.elementor-widget-divider--view-line_icon .elementor-divider-separator:before,.elementor-widget-divider--view-line_text .elementor-divider-separator:after,.elementor-widget-divider--view-line_text .elementor-divider-separator:before{display:block;content:\"\";border-bottom:0;flex-grow:1;border-top:var(--divider-border-width) var(--divider-border-style) var(--divider-color)}.elementor-widget-divider--element-align-left .elementor-divider .elementor-divider-separator>.elementor-divider__svg:first-of-type{flex-grow:0;flex-shrink:100}.elementor-widget-divider--element-align-left .elementor-divider-separator:before{content:none}.elementor-widget-divider--element-align-left .elementor-divider__element{margin-left:0}.elementor-widget-divider--element-align-right .elementor-divider .elementor-divider-separator>.elementor-divider__svg:last-of-type{flex-grow:0;flex-shrink:100}.elementor-widget-divider--element-align-right .elementor-divider-separator:after{content:none}.elementor-widget-divider--element-align-right .elementor-divider__element{margin-right:0}.elementor-widget-divider:not(.elementor-widget-divider--view-line_text):not(.elementor-widget-divider--view-line_icon) .elementor-divider-separator{border-top:var(--divider-border-width) var(--divider-border-style) var(--divider-color)}.elementor-widget-divider--separator-type-pattern{--divider-border-style:none}.elementor-widget-divider--separator-type-pattern.elementor-widget-divider--view-line .elementor-divider-separator,.elementor-widget-divider--separator-type-pattern:not(.elementor-widget-divider--view-line) .elementor-divider-separator:after,.elementor-widget-divider--separator-type-pattern:not(.elementor-widget-divider--view-line) .elementor-divider-separator:before,.elementor-widget-divider--separator-type-pattern:not([class*=elementor-widget-divider--view]) .elementor-divider-separator{width:100%;min-height:var(--divider-pattern-height);-webkit-mask-size:var(--divider-pattern-size) 100%;mask-size:var(--divider-pattern-size) 100%;-webkit-mask-repeat:var(--divider-pattern-repeat);mask-repeat:var(--divider-pattern-repeat);background-color:var(--divider-color);-webkit-mask-image:var(--divider-pattern-url);mask-image:var(--divider-pattern-url)}.elementor-widget-divider--no-spacing{--divider-pattern-size:auto}.elementor-widget-divider--bg-round{--divider-pattern-repeat:round}.rtl .elementor-widget-divider .elementor-divider__text{direction:rtl}.e-con-inner>.elementor-widget-divider,.e-con>.elementor-widget-divider{width:var(--container-widget-width,100%);--flex-grow:var(--container-widget-flex-grow)}<\/style>\t\t<div class=\"elementor-divider\">\n\t\t\t<span class=\"elementor-divider-separator\">\n\t\t\t\t\t\t<\/span>\n\t\t<\/div>\n\t\t\t\t<\/div>\n\t\t\t\t<\/div>\n\t\t\t\t<div class=\"elementor-element elementor-element-f0cb92b elementor-widget elementor-widget-spacer\" data-id=\"f0cb92b\" data-element_type=\"widget\" data-widget_type=\"spacer.default\">\n\t\t\t\t<div class=\"elementor-widget-container\">\n\t\t\t<style>\/*! elementor - v3.12.2 - 23-04-2023 *\/\n.elementor-column .elementor-spacer-inner{height:var(--spacer-size)}.e-con{--container-widget-width:100%}.e-con-inner>.elementor-widget-spacer,.e-con>.elementor-widget-spacer{width:var(--container-widget-width,var(--spacer-size));--align-self:var(--container-widget-align-self,initial);--flex-shrink:0}.e-con-inner>.elementor-widget-spacer>.elementor-widget-container,.e-con-inner>.elementor-widget-spacer>.elementor-widget-container>.elementor-spacer,.e-con>.elementor-widget-spacer>.elementor-widget-container,.e-con>.elementor-widget-spacer>.elementor-widget-container>.elementor-spacer{height:100%}.e-con-inner>.elementor-widget-spacer>.elementor-widget-container>.elementor-spacer>.elementor-spacer-inner,.e-con>.elementor-widget-spacer>.elementor-widget-container>.elementor-spacer>.elementor-spacer-inner{height:var(--container-widget-height,var(--spacer-size))}<\/style>\t\t<div class=\"elementor-spacer\">\n\t\t\t<div class=\"elementor-spacer-inner\"><\/div>\n\t\t<\/div>\n\t\t\t\t<\/div>\n\t\t\t\t<\/div>\n\t\t\t\t<div class=\"elementor-element elementor-element-700a407 elementor-widget elementor-widget-text-editor\" data-id=\"700a407\" data-element_type=\"widget\" data-widget_type=\"text-editor.default\">\n\t\t\t\t<div class=\"elementor-widget-container\">\n\t\t\t<style>\/*! elementor - v3.12.2 - 23-04-2023 *\/\n.elementor-widget-text-editor.elementor-drop-cap-view-stacked .elementor-drop-cap{background-color:#69727d;color:#fff}.elementor-widget-text-editor.elementor-drop-cap-view-framed .elementor-drop-cap{color:#69727d;border:3px solid;background-color:transparent}.elementor-widget-text-editor:not(.elementor-drop-cap-view-default) .elementor-drop-cap{margin-top:8px}.elementor-widget-text-editor:not(.elementor-drop-cap-view-default) .elementor-drop-cap-letter{width:1em;height:1em}.elementor-widget-text-editor .elementor-drop-cap{float:left;text-align:center;line-height:1;font-size:50px}.elementor-widget-text-editor .elementor-drop-cap-letter{display:inline-block}<\/style>\t\t\t\t<p>En utilisant le site Web <strong>Egypt-Liveaboard.com<\/strong> et en effectuant une r\u00e9servation via notre site, vous reconnaissez avoir lu, compris et accept\u00e9 les termes et conditions \u00e9nonc\u00e9s ci-dessous, y compris la d\u00e9claration de confidentialit\u00e9. Ces conditions d&rsquo;utilisation s&rsquo;appliquent \u00e0 tous les utilisateurs du site Web, y compris, sans s&rsquo;y limiter, les utilisateurs qui sont des navigateurs, des vendeurs, des clients, des commer\u00e7ants et des contributeurs de contenu. Veuillez lire attentivement ces conditions d&rsquo;utilisation avant d&rsquo;utiliser notre site Web et nos services.<\/p><ul><li>Votre utilisation du site Web et\/ou l&rsquo;ach\u00e8vement d&rsquo;une r\u00e9servation via nous constitue votre accord d&rsquo;\u00eatre li\u00e9 par ces conditions d&rsquo;utilisation. Si vous n&rsquo;acceptez pas toutes les modalit\u00e9s de cet accord, vous ne pouvez pas acc\u00e9der au site Web ni utiliser nos services.<\/li><li>Les r\u00e9servations sont facilit\u00e9es via le site Web Egypt-Liveaboard si l&rsquo;op\u00e9rateur est disponible.<\/li><li>Nos services sont accessibles aux clients et aucun frais suppl\u00e9mentaire ne sera impos\u00e9.<\/li><li>L&rsquo;op\u00e9rateur paie une commission \u00e0 Egypt-Liveaboard pour chaque r\u00e9servation effectu\u00e9e via notre site Web.<\/li><li>Egypt-Liveaboard est responsable de l&rsquo;ex\u00e9cution pr\u00e9cise du processus de r\u00e9servation, mais ne sera pas tenu responsable du produit offert par l&rsquo;op\u00e9rateur.<\/li><li>Dans certaines circonstances, des informations suppl\u00e9mentaires peuvent \u00eatre requises (y compris des copies de passeport, une preuve de couverture d&rsquo;assurance, des certificats de sant\u00e9, des d\u00e9tails de vol, etc.).<\/li><li>Si le client ne fournit pas de telles informations, Egypt-Liveaboard se r\u00e9serve le droit d&rsquo;annuler la r\u00e9servation conform\u00e9ment \u00e0 la politique de r\u00e9servation applicable \u00e0 la r\u00e9servation sp\u00e9cifique. Egypt-Liveaboard essaiera d&rsquo;aider les clients en cas de besoin pendant leur voyage, mais nous ne serons pas responsables de tels services. Si les clients se retrouvent dans des circonstances difficiles pendant leur voyage, Egypt-Liveaboard apportera son aide dans la mesure de nos capacit\u00e9s, mais ne sera pas tenu responsable de tels services.<\/li><li>Les clients sont responsables d&rsquo;acheter leur propre assurance voyage et plong\u00e9e, en s&rsquo;assurant qu&rsquo;elle couvre les circonstances impr\u00e9vues et les risques li\u00e9s aux voyages d&rsquo;aventure en cas d&rsquo;accidents de plong\u00e9e\/sports ou d&rsquo;\u00e9v\u00e9nements ou circonstances impr\u00e9vus.<\/li><li>Les clients sont eux-m\u00eames responsables de satisfaire aux exigences de passeport, de visa et de sant\u00e9 pour entrer dans le pays. Si, pour une raison quelconque, vous \u00eates retard\u00e9 en transit et que vous ne parvenez pas \u00e0 atteindre une excursion ou le bateau \u00e0 l&rsquo;heure de d\u00e9part pr\u00e9vue, vous serez responsable de tous les co\u00fbts li\u00e9s \u00e0 la r\u00e9cup\u00e9ration du bateau, du s\u00e9jour dans un h\u00e9bergement \u00e0 terre, des arrangements de plong\u00e9e alternatifs, etc.<\/li><li>Nous vous conseillons de voyager au moins un jour \u00e0 l&rsquo;avance et de passer un jour suppl\u00e9mentaire \u00e0 terre avant le jour du vol de retour. L&rsquo;\u00e9quipe \u00ab\u00a0Egypt-Liveaboard\u00a0\u00bb essaiera d&rsquo;aider les clients dans le besoin pendant cette situation, mais nous ne serons pas responsables de tels services. Les clients sont responsables de satisfaire aux exigences de sant\u00e9 et de mobilit\u00e9 d\u00e9finies par l&rsquo;op\u00e9rateur et de s&rsquo;assurer qu&rsquo;ils sont en bonne condition en effectuant un bilan de sant\u00e9 par un professionnel de la sant\u00e9 s&rsquo;ils r\u00e9servent un voyage de plong\u00e9e.<\/li><li>Les clients doivent nous informer par \u00e9crit au moment de la r\u00e9servation de toute maladie physique ou mentale, handicap ou autre condition pour laquelle des am\u00e9nagements sp\u00e9ciaux ou l&rsquo;utilisation d&rsquo;un fauteuil roulant sont n\u00e9cessaires ou envisag\u00e9s.<\/li><li>La participation aux activit\u00e9s de plong\u00e9e n\u00e9cessite une certification par des organisations telles que \u00ab\u00a0PADI \/ SSI\u00a0\u00bb pour s&rsquo;assurer que vous avez toutes les comp\u00e9tences n\u00e9cessaires pour la s\u00e9curit\u00e9 et le plaisir pendant un voyage de plong\u00e9e.<\/li><li>Les clients sont responsables de satisfaire aux normes de plong\u00e9e minimales requises de chaque voyage de plong\u00e9e. Les clients sont responsables de suivre une formation pertinente et appropri\u00e9e avant de partir en voyage. Nous conseillons aux visiteurs d&rsquo;apporter leur \u00e9quipement de plong\u00e9e car cela am\u00e9liorera l&rsquo;exp\u00e9rience de plong\u00e9e.<\/li><li>Pour \u00e9viter de ne pas pouvoir plonger pendant une journ\u00e9e enti\u00e8re, nous sugg\u00e9rons aux clients d&rsquo;avoir<\/li><\/ul>\t\t\t\t\t\t<\/div>\n\t\t\t\t<\/div>\n\t\t\t\t\t<\/div>\n\t\t<\/div>\n\t\t\t\t\t\t\t<\/div>\n\t\t<\/section>\n\t\t\t\t\t\t\t<\/div>\n\t\t","protected":false},"excerpt":{"rendered":"<p>Conditions d&rsquo;utilisation En utilisant le site Web Egypt-Liveaboard.com et en effectuant une r\u00e9servation via notre site, vous reconnaissez avoir lu, compris et accept\u00e9 les termes et conditions \u00e9nonc\u00e9s ci-dessous, y compris la d\u00e9claration de confidentialit\u00e9. Ces conditions d&rsquo;utilisation s&rsquo;appliquent \u00e0 tous les utilisateurs du site Web, y compris, sans s&rsquo;y limiter, les utilisateurs qui sont [&hellip;]<\/p>\n","protected":false},"author":2,"featured_media":0,"parent":0,"menu_order":0,"comment_status":"closed","ping_status":"closed","template":"","meta":{"footnotes":""},"categories":[],"tags":[],"_links":{"self":[{"href":"https:\/\/www.egypt-liveaboard.com\/fr\/wp-json\/wp\/v2\/pages\/19179"}],"collection":[{"href":"https:\/\/www.egypt-liveaboard.com\/fr\/wp-json\/wp\/v2\/pages"}],"about":[{"href":"https:\/\/www.egypt-liveaboard.com\/fr\/wp-json\/wp\/v2\/types\/page"}],"author":[{"embeddable":true,"href":"https:\/\/www.egypt-liveaboard.com\/fr\/wp-json\/wp\/v2\/users\/2"}],"replies":[{"embeddable":true,"href":"https:\/\/www.egypt-liveaboard.com\/fr\/wp-json\/wp\/v2\/comments?post=19179"}],"version-history":[{"count":5,"href":"https:\/\/www.egypt-liveaboard.com\/fr\/wp-json\/wp\/v2\/pages\/19179\/revisions"}],"predecessor-version":[{"id":24856,"href":"https:\/\/www.egypt-liveaboard.com\/fr\/wp-json\/wp\/v2\/pages\/19179\/revisions\/24856"}],"wp:attachment":[{"href":"https:\/\/www.egypt-liveaboard.com\/fr\/wp-json\/wp\/v2\/media?parent=19179"}],"wp:term":[{"taxonomy":"category","embeddable":true,"href":"https:\/\/www.egypt-liveaboard.com\/fr\/wp-json\/wp\/v2\/categories?post=19179"},{"taxonomy":"post_tag","embeddable":true,"href":"https:\/\/www.egypt-liveaboard.com\/fr\/wp-json\/wp\/v2\/tags?post=19179"}],"curies":[{"name":"wp","href":"https:\/\/api.w.org\/{rel}","templated":true}]}}