{"id":15099,"date":"2023-02-14T10:22:42","date_gmt":"2023-02-14T10:22:42","guid":{"rendered":"https:\/\/www.egypt-liveaboard.com\/?page_id=15099"},"modified":"2023-08-01T01:00:40","modified_gmt":"2023-07-31T23:00:40","slug":"politique-de-confidentialite","status":"publish","type":"page","link":"https:\/\/www.egypt-liveaboard.com\/fr\/politique-de-confidentialite\/","title":{"rendered":"Politique de confidentialit\u00e9"},"content":{"rendered":"\t\t<div data-elementor-type=\"wp-page\" data-elementor-id=\"15099\" class=\"elementor elementor-15099\">\n\t\t\t\t\t\t\t\t\t<section data-particle_enable=\"false\" data-particle-mobile-disabled=\"false\" class=\"elementor-section elementor-top-section elementor-element elementor-element-e7e8198 elementor-section-boxed elementor-section-height-default elementor-section-height-default\" data-id=\"e7e8198\" data-element_type=\"section\">\n\t\t\t\t\t\t<div class=\"elementor-container elementor-column-gap-default\">\n\t\t\t\t\t<div class=\"elementor-column elementor-col-100 elementor-top-column elementor-element elementor-element-7986393\" data-id=\"7986393\" data-element_type=\"column\">\n\t\t\t<div class=\"elementor-widget-wrap elementor-element-populated\">\n\t\t\t\t\t\t\t\t<div class=\"elementor-element elementor-element-5dfe486 elementor-widget elementor-widget-heading\" data-id=\"5dfe486\" data-element_type=\"widget\" data-widget_type=\"heading.default\">\n\t\t\t\t<div class=\"elementor-widget-container\">\n\t\t\t<style>\/*! elementor - v3.12.2 - 23-04-2023 *\/\n.elementor-heading-title{padding:0;margin:0;line-height:1}.elementor-widget-heading .elementor-heading-title[class*=elementor-size-]>a{color:inherit;font-size:inherit;line-height:inherit}.elementor-widget-heading .elementor-heading-title.elementor-size-small{font-size:15px}.elementor-widget-heading .elementor-heading-title.elementor-size-medium{font-size:19px}.elementor-widget-heading .elementor-heading-title.elementor-size-large{font-size:29px}.elementor-widget-heading .elementor-heading-title.elementor-size-xl{font-size:39px}.elementor-widget-heading .elementor-heading-title.elementor-size-xxl{font-size:59px}<\/style><h1 class=\"elementor-heading-title elementor-size-xl\">Politique de confidentialit\u00e9<\/h1>\t\t<\/div>\n\t\t\t\t<\/div>\n\t\t\t\t<div class=\"elementor-element elementor-element-0c139fb elementor-widget-divider--view-line elementor-widget elementor-widget-divider\" data-id=\"0c139fb\" data-element_type=\"widget\" data-widget_type=\"divider.default\">\n\t\t\t\t<div class=\"elementor-widget-container\">\n\t\t\t<style>\/*! elementor - v3.12.2 - 23-04-2023 *\/\n.elementor-widget-divider{--divider-border-style:none;--divider-border-width:1px;--divider-color:#0c0d0e;--divider-icon-size:20px;--divider-element-spacing:10px;--divider-pattern-height:24px;--divider-pattern-size:20px;--divider-pattern-url:none;--divider-pattern-repeat:repeat-x}.elementor-widget-divider .elementor-divider{display:flex}.elementor-widget-divider .elementor-divider__text{font-size:15px;line-height:1;max-width:95%}.elementor-widget-divider .elementor-divider__element{margin:0 var(--divider-element-spacing);flex-shrink:0}.elementor-widget-divider .elementor-icon{font-size:var(--divider-icon-size)}.elementor-widget-divider .elementor-divider-separator{display:flex;margin:0;direction:ltr}.elementor-widget-divider--view-line_icon .elementor-divider-separator,.elementor-widget-divider--view-line_text .elementor-divider-separator{align-items:center}.elementor-widget-divider--view-line_icon .elementor-divider-separator:after,.elementor-widget-divider--view-line_icon .elementor-divider-separator:before,.elementor-widget-divider--view-line_text .elementor-divider-separator:after,.elementor-widget-divider--view-line_text .elementor-divider-separator:before{display:block;content:\"\";border-bottom:0;flex-grow:1;border-top:var(--divider-border-width) var(--divider-border-style) var(--divider-color)}.elementor-widget-divider--element-align-left .elementor-divider .elementor-divider-separator>.elementor-divider__svg:first-of-type{flex-grow:0;flex-shrink:100}.elementor-widget-divider--element-align-left .elementor-divider-separator:before{content:none}.elementor-widget-divider--element-align-left .elementor-divider__element{margin-left:0}.elementor-widget-divider--element-align-right .elementor-divider .elementor-divider-separator>.elementor-divider__svg:last-of-type{flex-grow:0;flex-shrink:100}.elementor-widget-divider--element-align-right .elementor-divider-separator:after{content:none}.elementor-widget-divider--element-align-right .elementor-divider__element{margin-right:0}.elementor-widget-divider:not(.elementor-widget-divider--view-line_text):not(.elementor-widget-divider--view-line_icon) .elementor-divider-separator{border-top:var(--divider-border-width) var(--divider-border-style) var(--divider-color)}.elementor-widget-divider--separator-type-pattern{--divider-border-style:none}.elementor-widget-divider--separator-type-pattern.elementor-widget-divider--view-line .elementor-divider-separator,.elementor-widget-divider--separator-type-pattern:not(.elementor-widget-divider--view-line) .elementor-divider-separator:after,.elementor-widget-divider--separator-type-pattern:not(.elementor-widget-divider--view-line) .elementor-divider-separator:before,.elementor-widget-divider--separator-type-pattern:not([class*=elementor-widget-divider--view]) .elementor-divider-separator{width:100%;min-height:var(--divider-pattern-height);-webkit-mask-size:var(--divider-pattern-size) 100%;mask-size:var(--divider-pattern-size) 100%;-webkit-mask-repeat:var(--divider-pattern-repeat);mask-repeat:var(--divider-pattern-repeat);background-color:var(--divider-color);-webkit-mask-image:var(--divider-pattern-url);mask-image:var(--divider-pattern-url)}.elementor-widget-divider--no-spacing{--divider-pattern-size:auto}.elementor-widget-divider--bg-round{--divider-pattern-repeat:round}.rtl .elementor-widget-divider .elementor-divider__text{direction:rtl}.e-con-inner>.elementor-widget-divider,.e-con>.elementor-widget-divider{width:var(--container-widget-width,100%);--flex-grow:var(--container-widget-flex-grow)}<\/style>\t\t<div class=\"elementor-divider\">\n\t\t\t<span class=\"elementor-divider-separator\">\n\t\t\t\t\t\t<\/span>\n\t\t<\/div>\n\t\t\t\t<\/div>\n\t\t\t\t<\/div>\n\t\t\t\t<div class=\"elementor-element elementor-element-98ac199 elementor-widget elementor-widget-spacer\" data-id=\"98ac199\" data-element_type=\"widget\" data-widget_type=\"spacer.default\">\n\t\t\t\t<div class=\"elementor-widget-container\">\n\t\t\t<style>\/*! elementor - v3.12.2 - 23-04-2023 *\/\n.elementor-column .elementor-spacer-inner{height:var(--spacer-size)}.e-con{--container-widget-width:100%}.e-con-inner>.elementor-widget-spacer,.e-con>.elementor-widget-spacer{width:var(--container-widget-width,var(--spacer-size));--align-self:var(--container-widget-align-self,initial);--flex-shrink:0}.e-con-inner>.elementor-widget-spacer>.elementor-widget-container,.e-con-inner>.elementor-widget-spacer>.elementor-widget-container>.elementor-spacer,.e-con>.elementor-widget-spacer>.elementor-widget-container,.e-con>.elementor-widget-spacer>.elementor-widget-container>.elementor-spacer{height:100%}.e-con-inner>.elementor-widget-spacer>.elementor-widget-container>.elementor-spacer>.elementor-spacer-inner,.e-con>.elementor-widget-spacer>.elementor-widget-container>.elementor-spacer>.elementor-spacer-inner{height:var(--container-widget-height,var(--spacer-size))}<\/style>\t\t<div class=\"elementor-spacer\">\n\t\t\t<div class=\"elementor-spacer-inner\"><\/div>\n\t\t<\/div>\n\t\t\t\t<\/div>\n\t\t\t\t<\/div>\n\t\t\t\t<div class=\"elementor-element elementor-element-700a407 elementor-widget elementor-widget-text-editor\" data-id=\"700a407\" data-element_type=\"widget\" data-widget_type=\"text-editor.default\">\n\t\t\t\t<div class=\"elementor-widget-container\">\n\t\t\t<style>\/*! elementor - v3.12.2 - 23-04-2023 *\/\n.elementor-widget-text-editor.elementor-drop-cap-view-stacked .elementor-drop-cap{background-color:#69727d;color:#fff}.elementor-widget-text-editor.elementor-drop-cap-view-framed .elementor-drop-cap{color:#69727d;border:3px solid;background-color:transparent}.elementor-widget-text-editor:not(.elementor-drop-cap-view-default) .elementor-drop-cap{margin-top:8px}.elementor-widget-text-editor:not(.elementor-drop-cap-view-default) .elementor-drop-cap-letter{width:1em;height:1em}.elementor-widget-text-editor .elementor-drop-cap{float:left;text-align:center;line-height:1;font-size:50px}.elementor-widget-text-editor .elementor-drop-cap-letter{display:inline-block}<\/style>\t\t\t\t<p>Cette page de politique de confidentialit\u00e9 explique comment Egypt-Liveaboard.com collecte, utilise et prot\u00e8ge les informations que nous recueillons aupr\u00e8s des visiteurs de notre site Web \u00ab\u00a0Egypt-Liveaboard.com\u00a0\u00bb et des utilisateurs de nos services.<\/p><h5>Quelles informations Egypt-Liveaboard.com collecte-t-il ?<\/h5><p>Nous pouvons collecter des informations personnelles vous concernant, telles que votre nom, adresse e-mail, num\u00e9ro de t\u00e9l\u00e9phone et informations de paiement, lorsque vous utilisez notre site Web ou nos services. Nous pouvons \u00e9galement collecter des informations non personnelles, telles que votre adresse IP et le type de navigateur, par le biais de technologies de suivi automatis\u00e9es.<\/p><p>Nous pouvons utiliser des cookies, des balises Web et d&rsquo;autres technologies de suivi pour recueillir des informations sur vos activit\u00e9s en ligne et vos pr\u00e9f\u00e9rences. Ces informations peuvent \u00eatre utilis\u00e9es \u00e0 diverses fins, telles que l&rsquo;am\u00e9lioration de notre site Web et de nos services, la fourniture de contenu et de publicit\u00e9s personnalis\u00e9s, et l&rsquo;analyse du comportement des utilisateurs.<\/p><h5>Comment Egypt-Liveaboard.com utilise-t-il vos informations ?<\/h5><p>Nous pouvons utiliser vos informations personnelles \u00e0 des fins suivantes :<\/p><ul><li>Fournir nos services, notamment le traitement de votre r\u00e9servation, la communication avec vous au sujet de votre voyage et la r\u00e9ponse \u00e0 vos demandes<\/li><li>Personnaliser votre exp\u00e9rience et am\u00e9liorer notre site Web et nos services<\/li><li>Vous envoyer des communications marketing concernant nos produits et services, y compris des offres sp\u00e9ciales et des promotions<\/li><li>Se conformer aux lois et r\u00e9glementations applicables<\/li><\/ul><p>Nous pouvons \u00e9galement utiliser vos informations \u00e0 d&rsquo;autres fins avec votre consentement ou comme autoris\u00e9 par la loi.<\/p><h5>Partage et divulgation des informations<\/h5><p>Nous pouvons partager vos informations personnelles avec des prestataires de services tiers qui nous aident \u00e0 fournir nos services, tels que les processeurs de paiement et les fournisseurs de support client. Nous pouvons \u00e9galement partager vos informations avec nos filiales, partenaires et autres tiers de confiance \u00e0 des fins de marketing et autres.<\/p><p>Nous pouvons divulguer vos informations personnelles si la loi l&rsquo;exige, ou dans le cadre de proc\u00e9dures judiciaires ou d&rsquo;enqu\u00eates. Nous pouvons \u00e9galement divulguer vos informations pour prot\u00e9ger nos droits ou notre propri\u00e9t\u00e9, ou pour faire respecter nos conditions d&rsquo;utilisation.<\/p><h5>Comment Egypt-Liveaboard.com prot\u00e8ge-t-il vos informations ?<\/h5><p>Nous prenons des mesures techniques et organisationnelles appropri\u00e9es pour prot\u00e9ger vos informations personnelles contre tout acc\u00e8s, divulgation, alt\u00e9ration ou destruction non autoris\u00e9. Nous utilisons des technologies de cryptage de norme industrielle pour prot\u00e9ger vos informations sensibles, telles que les donn\u00e9es de paiement.<\/p><p>Cependant, aucun moyen de transmission sur Internet ou de stockage \u00e9lectronique n&rsquo;est totalement s\u00e9curis\u00e9, et nous ne pouvons garantir la s\u00e9curit\u00e9 absolue de vos informations.<\/p><h5>Confidentialit\u00e9 des enfants<\/h5><p>Notre site Web et nos services ne sont pas destin\u00e9s \u00e0 \u00eatre utilis\u00e9s par des enfants de moins de 18 ans. Nous ne recueillons pas sciemment d&rsquo;informations personnelles aupr\u00e8s d&rsquo;enfants de moins de 18 ans sans le consentement parental. Si vous pensez que nous avons collect\u00e9 des informations aupr\u00e8s d&rsquo;un enfant de moins de 18 ans, veuillez nous contacter en utilisant les coordonn\u00e9es fournies \u00e0 la fin de cette politique.<\/p><h5>Combien de temps Egypt-Liveaboard.com conserve-t-il vos informations ?<\/h5><p>Nous conserverons vos informations personnelles aussi longtemps que n\u00e9cessaire pour remplir les finalit\u00e9s pour lesquelles elles ont \u00e9t\u00e9 collect\u00e9es, sauf si une p\u00e9riode de conservation plus longue est exig\u00e9e par la loi.<\/p><h5>Vos droits et choix :<\/h5><p>Vous pouvez avoir certains droits en vertu des lois applicables en mati\u00e8re de confidentialit\u00e9, tels que le droit d&rsquo;acc\u00e8s, de rectification et de suppression de vos informations personnelles. Vous pouvez \u00e9galement avoir le droit de refuser certaines communications marketing ou de retirer votre consentement \u00e0 notre traitement de vos informations.<\/p><p>Pour exercer vos droits ou faire toute demande li\u00e9e \u00e0 vos informations personnelles, veuillez nous contacter en utilisant les coordonn\u00e9es fournies \u00e0 la fin de cette politique.<\/p><h5>Modifications de notre politique de confidentialit\u00e9 :<\/h5><p>Nous pouvons mettre \u00e0 jour cette politique de temps \u00e0 autre en publiant une nouvelle version sur notre site Web. Votre utilisation continue de notre site Web ou de nos services apr\u00e8s de tels changements constitue votre acceptation de la nouvelle politique.<\/p><h5>Contactez-nous :<\/h5><p>Si vous avez des questions ou des pr\u00e9occupations concernant nos pratiques en mati\u00e8re de confidentialit\u00e9 ou si vous souhaitez exercer vos droits li\u00e9s \u00e0 vos informations personnelles, veuillez nous contacter \u00e0 l&rsquo;adresse <a href=\"mailto:support@egypt-liveaboard.com\" target=\"_new\">support@egypt-liveaboard.com<\/a>. Nous r\u00e9pondrons \u00e0 vos demandes dans un d\u00e9lai raisonnable.<\/p>\t\t\t\t\t\t<\/div>\n\t\t\t\t<\/div>\n\t\t\t\t\t<\/div>\n\t\t<\/div>\n\t\t\t\t\t\t\t<\/div>\n\t\t<\/section>\n\t\t\t\t\t\t\t<\/div>\n\t\t","protected":false},"excerpt":{"rendered":"<p>Politique de confidentialit\u00e9 Cette page de politique de confidentialit\u00e9 explique comment Egypt-Liveaboard.com collecte, utilise et prot\u00e8ge les informations que nous recueillons aupr\u00e8s des visiteurs de notre site Web \u00ab\u00a0Egypt-Liveaboard.com\u00a0\u00bb et des utilisateurs de nos services. Quelles informations Egypt-Liveaboard.com collecte-t-il ? Nous pouvons collecter des informations personnelles vous concernant, telles que votre nom, adresse e-mail, num\u00e9ro [&hellip;]<\/p>\n","protected":false},"author":1,"featured_media":0,"parent":0,"menu_order":0,"comment_status":"closed","ping_status":"closed","template":"","meta":{"footnotes":""},"categories":[],"tags":[],"_links":{"self":[{"href":"https:\/\/www.egypt-liveaboard.com\/fr\/wp-json\/wp\/v2\/pages\/15099"}],"collection":[{"href":"https:\/\/www.egypt-liveaboard.com\/fr\/wp-json\/wp\/v2\/pages"}],"about":[{"href":"https:\/\/www.egypt-liveaboard.com\/fr\/wp-json\/wp\/v2\/types\/page"}],"author":[{"embeddable":true,"href":"https:\/\/www.egypt-liveaboard.com\/fr\/wp-json\/wp\/v2\/users\/1"}],"replies":[{"embeddable":true,"href":"https:\/\/www.egypt-liveaboard.com\/fr\/wp-json\/wp\/v2\/comments?post=15099"}],"version-history":[{"count":5,"href":"https:\/\/www.egypt-liveaboard.com\/fr\/wp-json\/wp\/v2\/pages\/15099\/revisions"}],"predecessor-version":[{"id":24850,"href":"https:\/\/www.egypt-liveaboard.com\/fr\/wp-json\/wp\/v2\/pages\/15099\/revisions\/24850"}],"wp:attachment":[{"href":"https:\/\/www.egypt-liveaboard.com\/fr\/wp-json\/wp\/v2\/media?parent=15099"}],"wp:term":[{"taxonomy":"category","embeddable":true,"href":"https:\/\/www.egypt-liveaboard.com\/fr\/wp-json\/wp\/v2\/categories?post=15099"},{"taxonomy":"post_tag","embeddable":true,"href":"https:\/\/www.egypt-liveaboard.com\/fr\/wp-json\/wp\/v2\/tags?post=15099"}],"curies":[{"name":"wp","href":"https:\/\/api.w.org\/{rel}","templated":true}]}}