{"id":15089,"date":"2023-02-14T10:15:19","date_gmt":"2023-02-14T10:15:19","guid":{"rendered":"https:\/\/www.egypt-liveaboard.com\/?page_id=15089"},"modified":"2023-08-01T00:39:11","modified_gmt":"2023-07-31T22:39:11","slug":"egypte","status":"publish","type":"page","link":"https:\/\/www.egypt-liveaboard.com\/fr\/egypte\/","title":{"rendered":"Mer Rouge &#8211; \u00c9gypte"},"content":{"rendered":"\t\t<div data-elementor-type=\"wp-page\" data-elementor-id=\"15089\" class=\"elementor elementor-15089\">\n\t\t\t\t\t\t\t\t\t<section data-particle_enable=\"false\" data-particle-mobile-disabled=\"false\" class=\"elementor-section elementor-top-section elementor-element elementor-element-9c7d314 elementor-section-boxed elementor-section-height-default elementor-section-height-default\" data-id=\"9c7d314\" data-element_type=\"section\">\n\t\t\t\t\t\t<div class=\"elementor-container elementor-column-gap-default\">\n\t\t\t\t\t<div class=\"elementor-column elementor-col-100 elementor-top-column elementor-element elementor-element-685031b\" data-id=\"685031b\" data-element_type=\"column\" data-settings=\"{&quot;background_background&quot;:&quot;classic&quot;}\">\n\t\t\t<div class=\"elementor-widget-wrap\">\n\t\t\t\t\t\t\t\t\t<\/div>\n\t\t<\/div>\n\t\t\t\t\t\t\t<\/div>\n\t\t<\/section>\n\t\t\t\t<section data-particle_enable=\"false\" data-particle-mobile-disabled=\"false\" class=\"elementor-section elementor-top-section elementor-element elementor-element-66b208a elementor-section-height-min-height elementor-section-boxed elementor-section-height-default elementor-section-items-middle\" data-id=\"66b208a\" data-element_type=\"section\" data-settings=\"{&quot;background_background&quot;:&quot;video&quot;,&quot;background_video_link&quot;:&quot;https:\\\/\\\/egypt.travel\\\/media\\\/2644\\\/followthesun.mp4&quot;,&quot;background_play_on_mobile&quot;:&quot;yes&quot;,&quot;background_privacy_mode&quot;:&quot;yes&quot;}\">\n\t\t\t\t\t\t\t\t<div class=\"elementor-background-video-container\">\n\t\t\t\t\t\t\t\t\t\t\t\t\t<video class=\"elementor-background-video-hosted elementor-html5-video\" autoplay muted playsinline loop><\/video>\n\t\t\t\t\t\t\t\t\t\t\t<\/div>\n\t\t\t\t\t\t\t\t<div class=\"elementor-container elementor-column-gap-extended\">\n\t\t\t\t\t<div class=\"elementor-column elementor-col-100 elementor-top-column elementor-element elementor-element-5cfa0cb\" data-id=\"5cfa0cb\" data-element_type=\"column\">\n\t\t\t<div class=\"elementor-widget-wrap\">\n\t\t\t\t\t\t\t\t\t<\/div>\n\t\t<\/div>\n\t\t\t\t\t\t\t<\/div>\n\t\t<\/section>\n\t\t\t\t<section data-particle_enable=\"false\" data-particle-mobile-disabled=\"false\" class=\"elementor-section elementor-top-section elementor-element elementor-element-85c7d62 elementor-section-boxed elementor-section-height-default elementor-section-height-default\" data-id=\"85c7d62\" data-element_type=\"section\">\n\t\t\t\t\t\t<div class=\"elementor-container elementor-column-gap-default\">\n\t\t\t\t\t<div class=\"elementor-column elementor-col-50 elementor-top-column elementor-element elementor-element-3eb49fd\" data-id=\"3eb49fd\" data-element_type=\"column\">\n\t\t\t<div class=\"elementor-widget-wrap elementor-element-populated\">\n\t\t\t\t\t\t\t\t<div class=\"elementor-element elementor-element-03ff177 elementor-widget-divider--view-line elementor-widget elementor-widget-divider\" data-id=\"03ff177\" data-element_type=\"widget\" data-widget_type=\"divider.default\">\n\t\t\t\t<div class=\"elementor-widget-container\">\n\t\t\t<style>\/*! elementor - v3.12.2 - 23-04-2023 *\/\n.elementor-widget-divider{--divider-border-style:none;--divider-border-width:1px;--divider-color:#0c0d0e;--divider-icon-size:20px;--divider-element-spacing:10px;--divider-pattern-height:24px;--divider-pattern-size:20px;--divider-pattern-url:none;--divider-pattern-repeat:repeat-x}.elementor-widget-divider .elementor-divider{display:flex}.elementor-widget-divider .elementor-divider__text{font-size:15px;line-height:1;max-width:95%}.elementor-widget-divider .elementor-divider__element{margin:0 var(--divider-element-spacing);flex-shrink:0}.elementor-widget-divider .elementor-icon{font-size:var(--divider-icon-size)}.elementor-widget-divider .elementor-divider-separator{display:flex;margin:0;direction:ltr}.elementor-widget-divider--view-line_icon .elementor-divider-separator,.elementor-widget-divider--view-line_text .elementor-divider-separator{align-items:center}.elementor-widget-divider--view-line_icon .elementor-divider-separator:after,.elementor-widget-divider--view-line_icon .elementor-divider-separator:before,.elementor-widget-divider--view-line_text .elementor-divider-separator:after,.elementor-widget-divider--view-line_text .elementor-divider-separator:before{display:block;content:\"\";border-bottom:0;flex-grow:1;border-top:var(--divider-border-width) var(--divider-border-style) var(--divider-color)}.elementor-widget-divider--element-align-left .elementor-divider .elementor-divider-separator>.elementor-divider__svg:first-of-type{flex-grow:0;flex-shrink:100}.elementor-widget-divider--element-align-left .elementor-divider-separator:before{content:none}.elementor-widget-divider--element-align-left .elementor-divider__element{margin-left:0}.elementor-widget-divider--element-align-right .elementor-divider .elementor-divider-separator>.elementor-divider__svg:last-of-type{flex-grow:0;flex-shrink:100}.elementor-widget-divider--element-align-right .elementor-divider-separator:after{content:none}.elementor-widget-divider--element-align-right .elementor-divider__element{margin-right:0}.elementor-widget-divider:not(.elementor-widget-divider--view-line_text):not(.elementor-widget-divider--view-line_icon) .elementor-divider-separator{border-top:var(--divider-border-width) var(--divider-border-style) var(--divider-color)}.elementor-widget-divider--separator-type-pattern{--divider-border-style:none}.elementor-widget-divider--separator-type-pattern.elementor-widget-divider--view-line .elementor-divider-separator,.elementor-widget-divider--separator-type-pattern:not(.elementor-widget-divider--view-line) .elementor-divider-separator:after,.elementor-widget-divider--separator-type-pattern:not(.elementor-widget-divider--view-line) .elementor-divider-separator:before,.elementor-widget-divider--separator-type-pattern:not([class*=elementor-widget-divider--view]) .elementor-divider-separator{width:100%;min-height:var(--divider-pattern-height);-webkit-mask-size:var(--divider-pattern-size) 100%;mask-size:var(--divider-pattern-size) 100%;-webkit-mask-repeat:var(--divider-pattern-repeat);mask-repeat:var(--divider-pattern-repeat);background-color:var(--divider-color);-webkit-mask-image:var(--divider-pattern-url);mask-image:var(--divider-pattern-url)}.elementor-widget-divider--no-spacing{--divider-pattern-size:auto}.elementor-widget-divider--bg-round{--divider-pattern-repeat:round}.rtl .elementor-widget-divider .elementor-divider__text{direction:rtl}.e-con-inner>.elementor-widget-divider,.e-con>.elementor-widget-divider{width:var(--container-widget-width,100%);--flex-grow:var(--container-widget-flex-grow)}<\/style>\t\t<div class=\"elementor-divider\">\n\t\t\t<span class=\"elementor-divider-separator\">\n\t\t\t\t\t\t<\/span>\n\t\t<\/div>\n\t\t\t\t<\/div>\n\t\t\t\t<\/div>\n\t\t\t\t<div class=\"elementor-element elementor-element-0696d07 elementor-widget elementor-widget-heading\" data-id=\"0696d07\" data-element_type=\"widget\" data-widget_type=\"heading.default\">\n\t\t\t\t<div class=\"elementor-widget-container\">\n\t\t\t<style>\/*! elementor - v3.12.2 - 23-04-2023 *\/\n.elementor-heading-title{padding:0;margin:0;line-height:1}.elementor-widget-heading .elementor-heading-title[class*=elementor-size-]>a{color:inherit;font-size:inherit;line-height:inherit}.elementor-widget-heading .elementor-heading-title.elementor-size-small{font-size:15px}.elementor-widget-heading .elementor-heading-title.elementor-size-medium{font-size:19px}.elementor-widget-heading .elementor-heading-title.elementor-size-large{font-size:29px}.elementor-widget-heading .elementor-heading-title.elementor-size-xl{font-size:39px}.elementor-widget-heading .elementor-heading-title.elementor-size-xxl{font-size:59px}<\/style><h1 class=\"elementor-heading-title elementor-size-default\">D\u00e9couvrez plus <br>sur la mer Rouge en \u00c9gypte<\/h1>\t\t<\/div>\n\t\t\t\t<\/div>\n\t\t\t\t<div class=\"elementor-element elementor-element-02cdb60 elementor-widget elementor-widget-text-editor\" data-id=\"02cdb60\" data-element_type=\"widget\" data-widget_type=\"text-editor.default\">\n\t\t\t\t<div class=\"elementor-widget-container\">\n\t\t\t<style>\/*! elementor - v3.12.2 - 23-04-2023 *\/\n.elementor-widget-text-editor.elementor-drop-cap-view-stacked .elementor-drop-cap{background-color:#69727d;color:#fff}.elementor-widget-text-editor.elementor-drop-cap-view-framed .elementor-drop-cap{color:#69727d;border:3px solid;background-color:transparent}.elementor-widget-text-editor:not(.elementor-drop-cap-view-default) .elementor-drop-cap{margin-top:8px}.elementor-widget-text-editor:not(.elementor-drop-cap-view-default) .elementor-drop-cap-letter{width:1em;height:1em}.elementor-widget-text-editor .elementor-drop-cap{float:left;text-align:center;line-height:1;font-size:50px}.elementor-widget-text-editor .elementor-drop-cap-letter{display:inline-block}<\/style>\t\t\t\t<p>L&rsquo;\u00c9gypte est un pays riche en histoire et en culture, avec un pass\u00e9 long et fascinant qui remonte \u00e0 des milliers d&rsquo;ann\u00e9es. Cette ancienne civilisation a \u00e9merg\u00e9 le long des rives du Nil, et son peuple \u00e9tait profond\u00e9ment li\u00e9 \u00e0 la mer.<\/p>\t\t\t\t\t\t<\/div>\n\t\t\t\t<\/div>\n\t\t\t\t\t<\/div>\n\t\t<\/div>\n\t\t\t\t<div class=\"elementor-column elementor-col-50 elementor-top-column elementor-element elementor-element-15d3f22\" data-id=\"15d3f22\" data-element_type=\"column\">\n\t\t\t<div class=\"elementor-widget-wrap elementor-element-populated\">\n\t\t\t\t\t\t\t\t<div class=\"elementor-element elementor-element-c2513da elementor-widget elementor-widget-spacer\" data-id=\"c2513da\" data-element_type=\"widget\" data-widget_type=\"spacer.default\">\n\t\t\t\t<div class=\"elementor-widget-container\">\n\t\t\t<style>\/*! elementor - v3.12.2 - 23-04-2023 *\/\n.elementor-column .elementor-spacer-inner{height:var(--spacer-size)}.e-con{--container-widget-width:100%}.e-con-inner>.elementor-widget-spacer,.e-con>.elementor-widget-spacer{width:var(--container-widget-width,var(--spacer-size));--align-self:var(--container-widget-align-self,initial);--flex-shrink:0}.e-con-inner>.elementor-widget-spacer>.elementor-widget-container,.e-con-inner>.elementor-widget-spacer>.elementor-widget-container>.elementor-spacer,.e-con>.elementor-widget-spacer>.elementor-widget-container,.e-con>.elementor-widget-spacer>.elementor-widget-container>.elementor-spacer{height:100%}.e-con-inner>.elementor-widget-spacer>.elementor-widget-container>.elementor-spacer>.elementor-spacer-inner,.e-con>.elementor-widget-spacer>.elementor-widget-container>.elementor-spacer>.elementor-spacer-inner{height:var(--container-widget-height,var(--spacer-size))}<\/style>\t\t<div class=\"elementor-spacer\">\n\t\t\t<div class=\"elementor-spacer-inner\"><\/div>\n\t\t<\/div>\n\t\t\t\t<\/div>\n\t\t\t\t<\/div>\n\t\t\t\t<div class=\"elementor-element elementor-element-0503f9a bdt-custom-gallery-skin-fedara-style-center elementor-widget elementor-widget-bdt-post-gallery\" data-id=\"0503f9a\" data-element_type=\"widget\" data-settings=\"{&quot;columns&quot;:&quot;3&quot;,&quot;columns_tablet&quot;:&quot;2&quot;,&quot;columns_mobile&quot;:&quot;1&quot;}\" data-widget_type=\"bdt-post-gallery.bdt-abetis\">\n\t\t\t\t<div class=\"elementor-widget-container\">\n\t\t\t\t\t<div class=\"bdt-post-gallery-wrapper\">\r\n\r\n\t\t\t\t\t\t<div id=\"bdt-post-gallery0503f9a\" class=\"bdt-post-gallery bdt-ep-grid-filter-container bdt-post-gallery-skin-abetis bdt-grid bdt-grid-medium\" data-bdt-grid=\"\" data-settings=\"{&quot;id&quot;:&quot;#bdt-post-gallery0503f9a&quot;,&quot;tiltShow&quot;:false}\" bdt-scrollspy=\"cls: bdt-animation-slide-right-medium; delay: 300; target: &gt; div &gt; .bdt-post-gallery-inner;\">\r\n\r\n\t\t\t\t\t<div class=\"bdt-gallery-item bdt-transition-toggle bdt-width-1-1 bdt-width-1-2@s bdt-width-1-3@m\">\r\n\t\t\t<div class=\"bdt-post-gallery-inner\">\r\n\t\t\t\t\t\t<div class=\"bdt-gallery-thumbnail bdt-image-mask\">\r\n\t\t\t<img decoding=\"async\" width=\"300\" height=\"225\" src=\"https:\/\/www.egypt-liveaboard.com\/fr\/wp-content\/uploads\/2023\/02\/Egypt-Pyramids-300x225.webp\" class=\"attachment-medium size-medium wp-image-18272\" alt=\"\u00c9gypte : Quand le d\u00e9sert rencontre la mer\" srcset=\"https:\/\/www.egypt-liveaboard.com\/fr\/wp-content\/uploads\/2023\/02\/Egypt-Pyramids-300x225.webp 300w, https:\/\/www.egypt-liveaboard.com\/fr\/wp-content\/uploads\/2023\/02\/Egypt-Pyramids-768x576.webp 768w, https:\/\/www.egypt-liveaboard.com\/fr\/wp-content\/uploads\/2023\/02\/Egypt-Pyramids.webp 800w\" sizes=\"(max-width: 300px) 100vw, 300px\" \/>\t\t<\/div>\r\n\t\t\t<div class=\"bdt-position-cover bdt-overlay bdt-overlay-default bdt-transition-fade\">\r\n\t\t\t<div class=\"bdt-post-gallery-content\">\r\n\t\t\t\t<div class=\"bdt-gallery-content-inner\">\r\n\t\t\t\t\t\t\t\t\t<\/div>\r\n\t\t\t<\/div>\r\n\t\t<\/div>\r\n\t\t\t\t\t<\/div>\r\n\t\t\t\t\t<div class=\"bdt-post-gallery-skin-abetis-desc bdt-padding-small\">\r\n\t\t\t\t\t<a href=\"https:\/\/www.egypt-liveaboard.com\/fr\/egypte\/egypte\/\" >\r\n\t\t\t<h4 class=\"bdt-gallery-item-title bdt-margin-remove\">\r\n\t\t\t\t\u00c9gypte : Quand le d\u00e9sert rencontre la mer\t\t\t<\/h4>\r\n\t\t<\/a>\r\n\t\r\n\t\t<\/div>\r\n\t\t\t\t<\/div>\r\n\r\n\t\t\t\t<div class=\"bdt-gallery-item bdt-transition-toggle bdt-width-1-1 bdt-width-1-2@s bdt-width-1-3@m\">\r\n\t\t\t<div class=\"bdt-post-gallery-inner\">\r\n\t\t\t\t\t\t<div class=\"bdt-gallery-thumbnail bdt-image-mask\">\r\n\t\t\t<img decoding=\"async\" width=\"300\" height=\"225\" src=\"https:\/\/www.egypt-liveaboard.com\/fr\/wp-content\/uploads\/2023\/02\/hurghada-300x225.webp\" class=\"attachment-medium size-medium wp-image-17039\" alt=\"Hurghada : Une destination vari\u00e9e avec quelque chose pour tout le monde.\" srcset=\"https:\/\/www.egypt-liveaboard.com\/fr\/wp-content\/uploads\/2023\/02\/hurghada-300x225.webp 300w, https:\/\/www.egypt-liveaboard.com\/fr\/wp-content\/uploads\/2023\/02\/hurghada-768x576.webp 768w, https:\/\/www.egypt-liveaboard.com\/fr\/wp-content\/uploads\/2023\/02\/hurghada.webp 800w\" sizes=\"(max-width: 300px) 100vw, 300px\" \/>\t\t<\/div>\r\n\t\t\t<div class=\"bdt-position-cover bdt-overlay bdt-overlay-default bdt-transition-fade\">\r\n\t\t\t<div class=\"bdt-post-gallery-content\">\r\n\t\t\t\t<div class=\"bdt-gallery-content-inner\">\r\n\t\t\t\t\t\t\t\t\t<\/div>\r\n\t\t\t<\/div>\r\n\t\t<\/div>\r\n\t\t\t\t\t<\/div>\r\n\t\t\t\t\t<div class=\"bdt-post-gallery-skin-abetis-desc bdt-padding-small\">\r\n\t\t\t\t\t<a href=\"https:\/\/www.egypt-liveaboard.com\/fr\/egypte\/hurghada\/\" >\r\n\t\t\t<h4 class=\"bdt-gallery-item-title bdt-margin-remove\">\r\n\t\t\t\tHurghada : Une destination vari\u00e9e avec quelque chose pour tout le monde.\t\t\t<\/h4>\r\n\t\t<\/a>\r\n\t\r\n\t\t<\/div>\r\n\t\t\t\t<\/div>\r\n\r\n\t\t\t\t<div class=\"bdt-gallery-item bdt-transition-toggle bdt-width-1-1 bdt-width-1-2@s bdt-width-1-3@m\">\r\n\t\t\t<div class=\"bdt-post-gallery-inner\">\r\n\t\t\t\t\t\t<div class=\"bdt-gallery-thumbnail bdt-image-mask\">\r\n\t\t\t<img decoding=\"async\" width=\"300\" height=\"225\" src=\"https:\/\/www.egypt-liveaboard.com\/fr\/wp-content\/uploads\/2023\/02\/Marsa-Alam-1-300x225.webp\" class=\"attachment-medium size-medium wp-image-18027\" alt=\"Marsa Alam : Un tr\u00e9sor cach\u00e9 en \u00c9gypte\" srcset=\"https:\/\/www.egypt-liveaboard.com\/fr\/wp-content\/uploads\/2023\/02\/Marsa-Alam-1-300x225.webp 300w, https:\/\/www.egypt-liveaboard.com\/fr\/wp-content\/uploads\/2023\/02\/Marsa-Alam-1-768x576.webp 768w, https:\/\/www.egypt-liveaboard.com\/fr\/wp-content\/uploads\/2023\/02\/Marsa-Alam-1.webp 800w\" sizes=\"(max-width: 300px) 100vw, 300px\" \/>\t\t<\/div>\r\n\t\t\t<div class=\"bdt-position-cover bdt-overlay bdt-overlay-default bdt-transition-fade\">\r\n\t\t\t<div class=\"bdt-post-gallery-content\">\r\n\t\t\t\t<div class=\"bdt-gallery-content-inner\">\r\n\t\t\t\t\t\t\t\t\t<\/div>\r\n\t\t\t<\/div>\r\n\t\t<\/div>\r\n\t\t\t\t\t<\/div>\r\n\t\t\t\t\t<div class=\"bdt-post-gallery-skin-abetis-desc bdt-padding-small\">\r\n\t\t\t\t\t<a href=\"https:\/\/www.egypt-liveaboard.com\/fr\/egypte\/marsa-alam\/\" >\r\n\t\t\t<h4 class=\"bdt-gallery-item-title bdt-margin-remove\">\r\n\t\t\t\tMarsa Alam : Un tr\u00e9sor cach\u00e9 en \u00c9gypte\t\t\t<\/h4>\r\n\t\t<\/a>\r\n\t\r\n\t\t<\/div>\r\n\t\t\t\t<\/div>\r\n\r\n\t\t\t\t<div class=\"bdt-gallery-item bdt-transition-toggle bdt-width-1-1 bdt-width-1-2@s bdt-width-1-3@m\">\r\n\t\t\t<div class=\"bdt-post-gallery-inner\">\r\n\t\t\t\t\t\t<div class=\"bdt-gallery-thumbnail bdt-image-mask\">\r\n\t\t\t<img decoding=\"async\" width=\"300\" height=\"225\" src=\"https:\/\/www.egypt-liveaboard.com\/fr\/wp-content\/uploads\/2023\/03\/Sharm-El-Sheikh-300x225.webp\" class=\"attachment-medium size-medium wp-image-18269\" alt=\"Sharm El Sheikh\" srcset=\"https:\/\/www.egypt-liveaboard.com\/fr\/wp-content\/uploads\/2023\/03\/Sharm-El-Sheikh-300x225.webp 300w, https:\/\/www.egypt-liveaboard.com\/fr\/wp-content\/uploads\/2023\/03\/Sharm-El-Sheikh-768x576.webp 768w, https:\/\/www.egypt-liveaboard.com\/fr\/wp-content\/uploads\/2023\/03\/Sharm-El-Sheikh.webp 800w\" sizes=\"(max-width: 300px) 100vw, 300px\" \/>\t\t<\/div>\r\n\t\t\t<div class=\"bdt-position-cover bdt-overlay bdt-overlay-default bdt-transition-fade\">\r\n\t\t\t<div class=\"bdt-post-gallery-content\">\r\n\t\t\t\t<div class=\"bdt-gallery-content-inner\">\r\n\t\t\t\t\t\t\t\t\t<\/div>\r\n\t\t\t<\/div>\r\n\t\t<\/div>\r\n\t\t\t\t\t<\/div>\r\n\t\t\t\t\t<div class=\"bdt-post-gallery-skin-abetis-desc bdt-padding-small\">\r\n\t\t\t\t\t<a href=\"https:\/\/www.egypt-liveaboard.com\/fr\/egypte\/sharm-el-sheikh\/\" >\r\n\t\t\t<h4 class=\"bdt-gallery-item-title bdt-margin-remove\">\r\n\t\t\t\tSharm El Sheikh\t\t\t<\/h4>\r\n\t\t<\/a>\r\n\t\r\n\t\t<\/div>\r\n\t\t\t\t<\/div>\r\n\r\n\t\t\t\t<div class=\"bdt-gallery-item bdt-transition-toggle bdt-width-1-1 bdt-width-1-2@s bdt-width-1-3@m\">\r\n\t\t\t<div class=\"bdt-post-gallery-inner\">\r\n\t\t\t\t\t\t<div class=\"bdt-gallery-thumbnail bdt-image-mask\">\r\n\t\t\t<img decoding=\"async\" width=\"300\" height=\"225\" src=\"https:\/\/www.egypt-liveaboard.com\/fr\/wp-content\/uploads\/2023\/03\/egypt-Most-to-Visit-300x225.webp\" class=\"attachment-medium size-medium wp-image-19799\" alt=\"Destinations \u00e0 ne pas manquer\" srcset=\"https:\/\/www.egypt-liveaboard.com\/fr\/wp-content\/uploads\/2023\/03\/egypt-Most-to-Visit-300x225.webp 300w, https:\/\/www.egypt-liveaboard.com\/fr\/wp-content\/uploads\/2023\/03\/egypt-Most-to-Visit-768x576.webp 768w, https:\/\/www.egypt-liveaboard.com\/fr\/wp-content\/uploads\/2023\/03\/egypt-Most-to-Visit.webp 800w\" sizes=\"(max-width: 300px) 100vw, 300px\" \/>\t\t<\/div>\r\n\t\t\t<div class=\"bdt-position-cover bdt-overlay bdt-overlay-default bdt-transition-fade\">\r\n\t\t\t<div class=\"bdt-post-gallery-content\">\r\n\t\t\t\t<div class=\"bdt-gallery-content-inner\">\r\n\t\t\t\t\t\t\t\t\t<\/div>\r\n\t\t\t<\/div>\r\n\t\t<\/div>\r\n\t\t\t\t\t<\/div>\r\n\t\t\t\t\t<div class=\"bdt-post-gallery-skin-abetis-desc bdt-padding-small\">\r\n\t\t\t\t\t<a href=\"https:\/\/www.egypt-liveaboard.com\/fr\/egypte\/legypte-et-la-mer-rouge\/\" >\r\n\t\t\t<h4 class=\"bdt-gallery-item-title bdt-margin-remove\">\r\n\t\t\t\tPourquoi l&rsquo;\u00c9gypte et la mer Rouge ?\t\t\t<\/h4>\r\n\t\t<\/a>\r\n\t\r\n\t\t<\/div>\r\n\t\t\t\t<\/div>\r\n\r\n\t\t\t\t<div class=\"bdt-gallery-item bdt-transition-toggle bdt-width-1-1 bdt-width-1-2@s bdt-width-1-3@m\">\r\n\t\t\t<div class=\"bdt-post-gallery-inner\">\r\n\t\t\t\t\t\t<div class=\"bdt-gallery-thumbnail bdt-image-mask\">\r\n\t\t\t<img decoding=\"async\" width=\"300\" height=\"225\" src=\"https:\/\/www.egypt-liveaboard.com\/fr\/wp-content\/uploads\/2023\/03\/Port-Ghalib-300x225.webp\" class=\"attachment-medium size-medium wp-image-20026\" alt=\"Port Ghalib\" srcset=\"https:\/\/www.egypt-liveaboard.com\/fr\/wp-content\/uploads\/2023\/03\/Port-Ghalib-300x225.webp 300w, https:\/\/www.egypt-liveaboard.com\/fr\/wp-content\/uploads\/2023\/03\/Port-Ghalib-768x576.webp 768w, https:\/\/www.egypt-liveaboard.com\/fr\/wp-content\/uploads\/2023\/03\/Port-Ghalib.webp 800w\" sizes=\"(max-width: 300px) 100vw, 300px\" \/>\t\t<\/div>\r\n\t\t\t<div class=\"bdt-position-cover bdt-overlay bdt-overlay-default bdt-transition-fade\">\r\n\t\t\t<div class=\"bdt-post-gallery-content\">\r\n\t\t\t\t<div class=\"bdt-gallery-content-inner\">\r\n\t\t\t\t\t\t\t\t\t<\/div>\r\n\t\t\t<\/div>\r\n\t\t<\/div>\r\n\t\t\t\t\t<\/div>\r\n\t\t\t\t\t<div class=\"bdt-post-gallery-skin-abetis-desc bdt-padding-small\">\r\n\t\t\t\t\t<a href=\"https:\/\/www.egypt-liveaboard.com\/fr\/egypte\/port-ghalib\/\" >\r\n\t\t\t<h4 class=\"bdt-gallery-item-title bdt-margin-remove\">\r\n\t\t\t\tPort Ghalib : Une destination portuaire moderne et unique.\t\t\t<\/h4>\r\n\t\t<\/a>\r\n\t\r\n\t\t<\/div>\r\n\t\t\t\t<\/div>\r\n\r\n\t\t\r\n\t\t\t<\/div>\r\n\t\t<\/div>\r\n\t\t\t<\/div>\n\t\t\t\t<\/div>\n\t\t\t\t\t<\/div>\n\t\t<\/div>\n\t\t\t\t\t\t\t<\/div>\n\t\t<\/section>\n\t\t\t\t\t\t\t<\/div>\n\t\t","protected":false},"excerpt":{"rendered":"<p>D\u00e9couvrez plus sur la mer Rouge en \u00c9gypte L&rsquo;\u00c9gypte est un pays riche en histoire et en culture, avec un pass\u00e9 long et fascinant qui remonte \u00e0 des milliers d&rsquo;ann\u00e9es. Cette ancienne civilisation a \u00e9merg\u00e9 le long des rives du Nil, et son peuple \u00e9tait profond\u00e9ment li\u00e9 \u00e0 la mer. \u00c9gypte : Quand le d\u00e9sert [&hellip;]<\/p>\n","protected":false},"author":1,"featured_media":14463,"parent":0,"menu_order":0,"comment_status":"closed","ping_status":"closed","template":"","meta":{"footnotes":""},"categories":[],"tags":[],"_links":{"self":[{"href":"https:\/\/www.egypt-liveaboard.com\/fr\/wp-json\/wp\/v2\/pages\/15089"}],"collection":[{"href":"https:\/\/www.egypt-liveaboard.com\/fr\/wp-json\/wp\/v2\/pages"}],"about":[{"href":"https:\/\/www.egypt-liveaboard.com\/fr\/wp-json\/wp\/v2\/types\/page"}],"author":[{"embeddable":true,"href":"https:\/\/www.egypt-liveaboard.com\/fr\/wp-json\/wp\/v2\/users\/1"}],"replies":[{"embeddable":true,"href":"https:\/\/www.egypt-liveaboard.com\/fr\/wp-json\/wp\/v2\/comments?post=15089"}],"version-history":[{"count":4,"href":"https:\/\/www.egypt-liveaboard.com\/fr\/wp-json\/wp\/v2\/pages\/15089\/revisions"}],"predecessor-version":[{"id":24840,"href":"https:\/\/www.egypt-liveaboard.com\/fr\/wp-json\/wp\/v2\/pages\/15089\/revisions\/24840"}],"wp:featuredmedia":[{"embeddable":true,"href":"https:\/\/www.egypt-liveaboard.com\/fr\/wp-json\/wp\/v2\/media\/14463"}],"wp:attachment":[{"href":"https:\/\/www.egypt-liveaboard.com\/fr\/wp-json\/wp\/v2\/media?parent=15089"}],"wp:term":[{"taxonomy":"category","embeddable":true,"href":"https:\/\/www.egypt-liveaboard.com\/fr\/wp-json\/wp\/v2\/categories?post=15089"},{"taxonomy":"post_tag","embeddable":true,"href":"https:\/\/www.egypt-liveaboard.com\/fr\/wp-json\/wp\/v2\/tags?post=15089"}],"curies":[{"name":"wp","href":"https:\/\/api.w.org\/{rel}","templated":true}]}}