{"id":15083,"date":"2023-02-14T10:11:16","date_gmt":"2023-02-14T10:11:16","guid":{"rendered":"https:\/\/www.egypt-liveaboard.com\/?page_id=15083"},"modified":"2023-08-04T01:43:46","modified_gmt":"2023-08-03T23:43:46","slug":"conseils-de-plongee","status":"publish","type":"page","link":"https:\/\/www.egypt-liveaboard.com\/fr\/conseils-de-plongee\/","title":{"rendered":"Conseils de plong\u00e9e"},"content":{"rendered":"\t\t<div data-elementor-type=\"wp-page\" data-elementor-id=\"15083\" class=\"elementor elementor-15083\">\n\t\t\t\t\t\t\t\t\t<section data-particle_enable=\"false\" data-particle-mobile-disabled=\"false\" class=\"elementor-section elementor-top-section elementor-element elementor-element-d4177f1 elementor-section-boxed elementor-section-height-default elementor-section-height-default\" data-id=\"d4177f1\" data-element_type=\"section\">\n\t\t\t\t\t\t<div class=\"elementor-container elementor-column-gap-default\">\n\t\t\t\t\t<div class=\"elementor-column elementor-col-50 elementor-top-column elementor-element elementor-element-85c73e2\" data-id=\"85c73e2\" data-element_type=\"column\">\n\t\t\t<div class=\"elementor-widget-wrap elementor-element-populated\">\n\t\t\t\t\t\t\t\t<div class=\"elementor-element elementor-element-a50721e elementor-widget-divider--view-line elementor-widget elementor-widget-divider\" data-id=\"a50721e\" data-element_type=\"widget\" data-widget_type=\"divider.default\">\n\t\t\t\t<div class=\"elementor-widget-container\">\n\t\t\t<style>\/*! elementor - v3.12.2 - 23-04-2023 *\/\n.elementor-widget-divider{--divider-border-style:none;--divider-border-width:1px;--divider-color:#0c0d0e;--divider-icon-size:20px;--divider-element-spacing:10px;--divider-pattern-height:24px;--divider-pattern-size:20px;--divider-pattern-url:none;--divider-pattern-repeat:repeat-x}.elementor-widget-divider .elementor-divider{display:flex}.elementor-widget-divider .elementor-divider__text{font-size:15px;line-height:1;max-width:95%}.elementor-widget-divider .elementor-divider__element{margin:0 var(--divider-element-spacing);flex-shrink:0}.elementor-widget-divider .elementor-icon{font-size:var(--divider-icon-size)}.elementor-widget-divider .elementor-divider-separator{display:flex;margin:0;direction:ltr}.elementor-widget-divider--view-line_icon .elementor-divider-separator,.elementor-widget-divider--view-line_text .elementor-divider-separator{align-items:center}.elementor-widget-divider--view-line_icon .elementor-divider-separator:after,.elementor-widget-divider--view-line_icon .elementor-divider-separator:before,.elementor-widget-divider--view-line_text .elementor-divider-separator:after,.elementor-widget-divider--view-line_text .elementor-divider-separator:before{display:block;content:\"\";border-bottom:0;flex-grow:1;border-top:var(--divider-border-width) var(--divider-border-style) var(--divider-color)}.elementor-widget-divider--element-align-left .elementor-divider .elementor-divider-separator>.elementor-divider__svg:first-of-type{flex-grow:0;flex-shrink:100}.elementor-widget-divider--element-align-left .elementor-divider-separator:before{content:none}.elementor-widget-divider--element-align-left .elementor-divider__element{margin-left:0}.elementor-widget-divider--element-align-right .elementor-divider .elementor-divider-separator>.elementor-divider__svg:last-of-type{flex-grow:0;flex-shrink:100}.elementor-widget-divider--element-align-right .elementor-divider-separator:after{content:none}.elementor-widget-divider--element-align-right .elementor-divider__element{margin-right:0}.elementor-widget-divider:not(.elementor-widget-divider--view-line_text):not(.elementor-widget-divider--view-line_icon) .elementor-divider-separator{border-top:var(--divider-border-width) var(--divider-border-style) var(--divider-color)}.elementor-widget-divider--separator-type-pattern{--divider-border-style:none}.elementor-widget-divider--separator-type-pattern.elementor-widget-divider--view-line .elementor-divider-separator,.elementor-widget-divider--separator-type-pattern:not(.elementor-widget-divider--view-line) .elementor-divider-separator:after,.elementor-widget-divider--separator-type-pattern:not(.elementor-widget-divider--view-line) .elementor-divider-separator:before,.elementor-widget-divider--separator-type-pattern:not([class*=elementor-widget-divider--view]) .elementor-divider-separator{width:100%;min-height:var(--divider-pattern-height);-webkit-mask-size:var(--divider-pattern-size) 100%;mask-size:var(--divider-pattern-size) 100%;-webkit-mask-repeat:var(--divider-pattern-repeat);mask-repeat:var(--divider-pattern-repeat);background-color:var(--divider-color);-webkit-mask-image:var(--divider-pattern-url);mask-image:var(--divider-pattern-url)}.elementor-widget-divider--no-spacing{--divider-pattern-size:auto}.elementor-widget-divider--bg-round{--divider-pattern-repeat:round}.rtl .elementor-widget-divider .elementor-divider__text{direction:rtl}.e-con-inner>.elementor-widget-divider,.e-con>.elementor-widget-divider{width:var(--container-widget-width,100%);--flex-grow:var(--container-widget-flex-grow)}<\/style>\t\t<div class=\"elementor-divider\">\n\t\t\t<span class=\"elementor-divider-separator\">\n\t\t\t\t\t\t<\/span>\n\t\t<\/div>\n\t\t\t\t<\/div>\n\t\t\t\t<\/div>\n\t\t\t\t<div class=\"elementor-element elementor-element-c14ec9c elementor-widget elementor-widget-heading\" data-id=\"c14ec9c\" data-element_type=\"widget\" data-widget_type=\"heading.default\">\n\t\t\t\t<div class=\"elementor-widget-container\">\n\t\t\t<style>\/*! elementor - v3.12.2 - 23-04-2023 *\/\n.elementor-heading-title{padding:0;margin:0;line-height:1}.elementor-widget-heading .elementor-heading-title[class*=elementor-size-]>a{color:inherit;font-size:inherit;line-height:inherit}.elementor-widget-heading .elementor-heading-title.elementor-size-small{font-size:15px}.elementor-widget-heading .elementor-heading-title.elementor-size-medium{font-size:19px}.elementor-widget-heading .elementor-heading-title.elementor-size-large{font-size:29px}.elementor-widget-heading .elementor-heading-title.elementor-size-xl{font-size:39px}.elementor-widget-heading .elementor-heading-title.elementor-size-xxl{font-size:59px}<\/style><h1 class=\"elementor-heading-title elementor-size-default\">Conseils et astuces de plong\u00e9e<br><\/h1>\t\t<\/div>\n\t\t\t\t<\/div>\n\t\t\t\t<div class=\"elementor-element elementor-element-0aa302d elementor-widget elementor-widget-text-editor\" data-id=\"0aa302d\" data-element_type=\"widget\" data-widget_type=\"text-editor.default\">\n\t\t\t\t<div class=\"elementor-widget-container\">\n\t\t\t<style>\/*! elementor - v3.12.2 - 23-04-2023 *\/\n.elementor-widget-text-editor.elementor-drop-cap-view-stacked .elementor-drop-cap{background-color:#69727d;color:#fff}.elementor-widget-text-editor.elementor-drop-cap-view-framed .elementor-drop-cap{color:#69727d;border:3px solid;background-color:transparent}.elementor-widget-text-editor:not(.elementor-drop-cap-view-default) .elementor-drop-cap{margin-top:8px}.elementor-widget-text-editor:not(.elementor-drop-cap-view-default) .elementor-drop-cap-letter{width:1em;height:1em}.elementor-widget-text-editor .elementor-drop-cap{float:left;text-align:center;line-height:1;font-size:50px}.elementor-widget-text-editor .elementor-drop-cap-letter{display:inline-block}<\/style>\t\t\t\t<p>D\u00e9couvrez la beaut\u00e9 et la diversit\u00e9 de la mer Rouge en toute facilit\u00e9 : conseils de plong\u00e9e essentiels pour une exp\u00e9rience s\u00fbre et m\u00e9morable.<\/p>\t\t\t\t\t\t<\/div>\n\t\t\t\t<\/div>\n\t\t\t\t\t<\/div>\n\t\t<\/div>\n\t\t\t\t<div class=\"elementor-column elementor-col-50 elementor-top-column elementor-element elementor-element-933baab\" data-id=\"933baab\" data-element_type=\"column\">\n\t\t\t<div class=\"elementor-widget-wrap elementor-element-populated\">\n\t\t\t\t\t\t\t\t<div class=\"elementor-element elementor-element-b4236c5 elementor-widget elementor-widget-spacer\" data-id=\"b4236c5\" data-element_type=\"widget\" data-widget_type=\"spacer.default\">\n\t\t\t\t<div class=\"elementor-widget-container\">\n\t\t\t<style>\/*! elementor - v3.12.2 - 23-04-2023 *\/\n.elementor-column .elementor-spacer-inner{height:var(--spacer-size)}.e-con{--container-widget-width:100%}.e-con-inner>.elementor-widget-spacer,.e-con>.elementor-widget-spacer{width:var(--container-widget-width,var(--spacer-size));--align-self:var(--container-widget-align-self,initial);--flex-shrink:0}.e-con-inner>.elementor-widget-spacer>.elementor-widget-container,.e-con-inner>.elementor-widget-spacer>.elementor-widget-container>.elementor-spacer,.e-con>.elementor-widget-spacer>.elementor-widget-container,.e-con>.elementor-widget-spacer>.elementor-widget-container>.elementor-spacer{height:100%}.e-con-inner>.elementor-widget-spacer>.elementor-widget-container>.elementor-spacer>.elementor-spacer-inner,.e-con>.elementor-widget-spacer>.elementor-widget-container>.elementor-spacer>.elementor-spacer-inner{height:var(--container-widget-height,var(--spacer-size))}<\/style>\t\t<div class=\"elementor-spacer\">\n\t\t\t<div class=\"elementor-spacer-inner\"><\/div>\n\t\t<\/div>\n\t\t\t\t<\/div>\n\t\t\t\t<\/div>\n\t\t\t\t<div class=\"elementor-element elementor-element-720b26a bdt-custom-gallery-skin-fedara-style-center elementor-widget elementor-widget-bdt-post-gallery\" data-id=\"720b26a\" data-element_type=\"widget\" data-settings=\"{&quot;columns&quot;:&quot;3&quot;,&quot;columns_tablet&quot;:&quot;2&quot;,&quot;columns_mobile&quot;:&quot;1&quot;}\" data-widget_type=\"bdt-post-gallery.bdt-abetis\">\n\t\t\t\t<div class=\"elementor-widget-container\">\n\t\t\t\t\t<div class=\"bdt-post-gallery-wrapper\">\r\n\r\n\t\t\t\t\t\t<div id=\"bdt-post-gallery720b26a\" class=\"bdt-post-gallery bdt-ep-grid-filter-container bdt-post-gallery-skin-abetis bdt-grid bdt-grid-medium\" data-bdt-grid=\"\" data-settings=\"{&quot;id&quot;:&quot;#bdt-post-gallery720b26a&quot;,&quot;tiltShow&quot;:false}\" bdt-scrollspy=\"cls: bdt-animation-slide-right-medium; delay: 300; target: &gt; div &gt; .bdt-post-gallery-inner;\">\r\n\r\n\t\t\t\t\t<div class=\"bdt-gallery-item bdt-transition-toggle bdt-width-1-1 bdt-width-1-2@s bdt-width-1-3@m\">\r\n\t\t\t<div class=\"bdt-post-gallery-inner\">\r\n\t\t\t\t\t\t<div class=\"bdt-gallery-thumbnail bdt-image-mask\">\r\n\t\t\t<img decoding=\"async\" width=\"300\" height=\"225\" src=\"https:\/\/www.egypt-liveaboard.com\/fr\/wp-content\/uploads\/2023\/03\/diving-in-egypt-300x225.webp\" class=\"attachment-medium size-medium wp-image-18242\" alt=\"Meilleur site de plong\u00e9e sous-marine en \u00c9gypte\" srcset=\"https:\/\/www.egypt-liveaboard.com\/fr\/wp-content\/uploads\/2023\/03\/diving-in-egypt-300x225.webp 300w, https:\/\/www.egypt-liveaboard.com\/fr\/wp-content\/uploads\/2023\/03\/diving-in-egypt-768x576.webp 768w, https:\/\/www.egypt-liveaboard.com\/fr\/wp-content\/uploads\/2023\/03\/diving-in-egypt.webp 800w\" sizes=\"(max-width: 300px) 100vw, 300px\" \/>\t\t<\/div>\r\n\t\t\t<div class=\"bdt-position-cover bdt-overlay bdt-overlay-default bdt-transition-fade\">\r\n\t\t\t<div class=\"bdt-post-gallery-content\">\r\n\t\t\t\t<div class=\"bdt-gallery-content-inner\">\r\n\t\t\t\t\t\t\t\t\t<\/div>\r\n\t\t\t<\/div>\r\n\t\t<\/div>\r\n\t\t\t\t\t<\/div>\r\n\t\t\t\t\t<div class=\"bdt-post-gallery-skin-abetis-desc bdt-padding-small\">\r\n\t\t\t\t\t<a href=\"https:\/\/www.egypt-liveaboard.com\/fr\/conseils-de-plongee\/plongee-sous-marine-en-egypte\/\" >\r\n\t\t\t<h5 class=\"bdt-gallery-item-title bdt-margin-remove\">\r\n\t\t\t\tMeilleur site de plong\u00e9e sous-marine en \u00c9gypte\t\t\t<\/h5>\r\n\t\t<\/a>\r\n\t\r\n\t\t<\/div>\r\n\t\t\t\t<\/div>\r\n\r\n\t\t\t\t<div class=\"bdt-gallery-item bdt-transition-toggle bdt-width-1-1 bdt-width-1-2@s bdt-width-1-3@m\">\r\n\t\t\t<div class=\"bdt-post-gallery-inner\">\r\n\t\t\t\t\t\t<div class=\"bdt-gallery-thumbnail bdt-image-mask\">\r\n\t\t\t<img decoding=\"async\" width=\"300\" height=\"225\" src=\"https:\/\/www.egypt-liveaboard.com\/fr\/wp-content\/uploads\/2023\/03\/wrecks-diving-in-egypt-300x225.webp\" class=\"attachment-medium size-medium wp-image-17943\" alt=\"Meilleures plong\u00e9es sur \u00e9paves en \u00c9gypte\" srcset=\"https:\/\/www.egypt-liveaboard.com\/fr\/wp-content\/uploads\/2023\/03\/wrecks-diving-in-egypt-300x225.webp 300w, https:\/\/www.egypt-liveaboard.com\/fr\/wp-content\/uploads\/2023\/03\/wrecks-diving-in-egypt-768x576.webp 768w, https:\/\/www.egypt-liveaboard.com\/fr\/wp-content\/uploads\/2023\/03\/wrecks-diving-in-egypt.webp 800w\" sizes=\"(max-width: 300px) 100vw, 300px\" \/>\t\t<\/div>\r\n\t\t\t<div class=\"bdt-position-cover bdt-overlay bdt-overlay-default bdt-transition-fade\">\r\n\t\t\t<div class=\"bdt-post-gallery-content\">\r\n\t\t\t\t<div class=\"bdt-gallery-content-inner\">\r\n\t\t\t\t\t\t\t\t\t<\/div>\r\n\t\t\t<\/div>\r\n\t\t<\/div>\r\n\t\t\t\t\t<\/div>\r\n\t\t\t\t\t<div class=\"bdt-post-gallery-skin-abetis-desc bdt-padding-small\">\r\n\t\t\t\t\t<a href=\"https:\/\/www.egypt-liveaboard.com\/fr\/conseils-de-plongee\/meilleures-plongees-sur-epaves-en-egypte\/\" >\r\n\t\t\t<h5 class=\"bdt-gallery-item-title bdt-margin-remove\">\r\n\t\t\t\tMeilleures plong\u00e9es sur \u00e9paves en \u00c9gypte\t\t\t<\/h5>\r\n\t\t<\/a>\r\n\t\r\n\t\t<\/div>\r\n\t\t\t\t<\/div>\r\n\r\n\t\t\t\t<div class=\"bdt-gallery-item bdt-transition-toggle bdt-width-1-1 bdt-width-1-2@s bdt-width-1-3@m\">\r\n\t\t\t<div class=\"bdt-post-gallery-inner\">\r\n\t\t\t\t\t\t<div class=\"bdt-gallery-thumbnail bdt-image-mask\">\r\n\t\t\t<img decoding=\"async\" width=\"300\" height=\"225\" src=\"https:\/\/www.egypt-liveaboard.com\/fr\/wp-content\/uploads\/2023\/02\/Eg-Liveaboard_FAQ-300x225.webp\" class=\"attachment-medium size-medium wp-image-22577\" alt=\"Liveaboard-Foire aux questions sur les croisi\u00e8res plong\u00e9e\" srcset=\"https:\/\/www.egypt-liveaboard.com\/fr\/wp-content\/uploads\/2023\/02\/Eg-Liveaboard_FAQ-300x225.webp 300w, https:\/\/www.egypt-liveaboard.com\/fr\/wp-content\/uploads\/2023\/02\/Eg-Liveaboard_FAQ-1024x768.webp 1024w, https:\/\/www.egypt-liveaboard.com\/fr\/wp-content\/uploads\/2023\/02\/Eg-Liveaboard_FAQ-768x576.webp 768w, https:\/\/www.egypt-liveaboard.com\/fr\/wp-content\/uploads\/2023\/02\/Eg-Liveaboard_FAQ.webp 1200w\" sizes=\"(max-width: 300px) 100vw, 300px\" \/>\t\t<\/div>\r\n\t\t\t<div class=\"bdt-position-cover bdt-overlay bdt-overlay-default bdt-transition-fade\">\r\n\t\t\t<div class=\"bdt-post-gallery-content\">\r\n\t\t\t\t<div class=\"bdt-gallery-content-inner\">\r\n\t\t\t\t\t\t\t\t\t<\/div>\r\n\t\t\t<\/div>\r\n\t\t<\/div>\r\n\t\t\t\t\t<\/div>\r\n\t\t\t\t\t<div class=\"bdt-post-gallery-skin-abetis-desc bdt-padding-small\">\r\n\t\t\t\t\t<a href=\"https:\/\/www.egypt-liveaboard.com\/fr\/conseils-de-plongee\/liveaboard-foire\/\" >\r\n\t\t\t<h5 class=\"bdt-gallery-item-title bdt-margin-remove\">\r\n\t\t\t\tFoire aux questions (FAQ) sur les croisi\u00e8res plong\u00e9e en mer Rouge\t\t\t<\/h5>\r\n\t\t<\/a>\r\n\t\r\n\t\t<\/div>\r\n\t\t\t\t<\/div>\r\n\r\n\t\t\r\n\t\t\t<\/div>\r\n\t\t<\/div>\r\n\t\t\t<\/div>\n\t\t\t\t<\/div>\n\t\t\t\t\t<\/div>\n\t\t<\/div>\n\t\t\t\t\t\t\t<\/div>\n\t\t<\/section>\n\t\t\t\t<section data-particle_enable=\"false\" data-particle-mobile-disabled=\"false\" class=\"elementor-section elementor-top-section elementor-element elementor-element-738357e elementor-section-boxed elementor-section-height-default elementor-section-height-default\" data-id=\"738357e\" data-element_type=\"section\">\n\t\t\t\t\t\t<div class=\"elementor-container elementor-column-gap-default\">\n\t\t\t\t\t<div class=\"elementor-column elementor-col-100 elementor-top-column elementor-element elementor-element-25c28d4\" data-id=\"25c28d4\" data-element_type=\"column\">\n\t\t\t<div class=\"elementor-widget-wrap elementor-element-populated\">\n\t\t\t\t\t\t\t\t<div class=\"elementor-element elementor-element-047beaa eael-post-list-col-3 elementor-widget elementor-widget-eael-post-list\" data-id=\"047beaa\" data-element_type=\"widget\" data-widget_type=\"eael-post-list.default\">\n\t\t\t\t<div class=\"elementor-widget-container\">\n\t\t\t<div class=\"eael-post-list-container advanced layout-advanced\"><div class=\"eael-post-list-header\"><div class=\"post-categories\" data-nonce=\"89f873dc7e\" data-page-id=\"15083\" data-widget-id=\"047beaa\" data-template={\"dir\":\"pro\",\"file_name\":\"advanced.php\",\"name\":\"Post-List\"} data-widget=\"047beaa\" data-class=\"Essential_Addons_Elementor\\Pro\\Elements\\Post_List\" data-args=\"orderby=ID&order=asc&ignore_sticky_posts=1&post_status=publish&posts_per_page=&offset=0&post_type=post&tax_query%5B0%5D%5Btaxonomy%5D=category&tax_query%5B0%5D%5Bfield%5D=term_id&tax_query%5B0%5D%5Bterms%5D%5B0%5D=49&tax_query%5Brelation%5D=AND&post__not_in%5B0%5D=16618&post__not_in%5B1%5D=17942&post__not_in%5B2%5D=18241\" data-settings=\"eael_post_list_post_feature_image=yes&eael_post_list_post_meta=&eael_post_list_post_title=yes&eael_post_list_post_excerpt=yes&eael_post_list_post_excerpt_length=12&eael_post_list_pagination=&eael_post_list_layout_type=advanced&eael_post_list_post_cat=&eael_post_list_author_meta=&eael_post_list_title_tag=div&eael_show_read_more_button=yes&eael_post_list_read_more_text=Lire+la+suite&eael_post_list_excerpt_expanison_indicator=...&eael_post_featured_image_size=full\" data-page=\"1\">\n                            <a href=\"javascript:;\" data-taxonomy=\"all\" data-id=\"\" class=\"active post-list-filter-item post-list-cat-047beaa\">TOUT<\/a><a href=\"javascript:;\" data-taxonomy=\"category\" data-id=\"49\" class=\"post-list-filter-item post-list-cat-047beaa\">Conseils de plong\u00e9e<\/a><\/div><input type=\"hidden\" id=\"eael_ajax_post_search_nonce\" name=\"eael_ajax_post_search_nonce\" value=\"5a3546e276\" \/><input type=\"hidden\" name=\"_wp_http_referer\" value=\"\/fr\/wp-json\/wp\/v2\/pages\/15083\" \/><div class=\"post-list-ajax-search-form\">\n                            <form action=\"\" id=\"post-list-search-form-047beaa\" autocomplete=\"off\">\n                                <input type=\"hidden\" name=\"post_type\" value=\"post\">\n                                <input type=\"text\" value=\"\" placeholder=\"Search\" name=\"search_key\" id=\"search_field\">\n                                <input type=\"hidden\" id=\"eael_ajax_post_search_nonce\" name=\"eael_ajax_post_search_nonce\" value=\"5a3546e276\" \/><input type=\"hidden\" name=\"_wp_http_referer\" value=\"\/fr\/wp-json\/wp\/v2\/pages\/15083\" \/>\n                                <i class=\"fa fa-search\"><\/i>\n                            <\/form>\n                            <div class=\"result-posts-wrapper\"><\/div>\n                        <\/div><\/div><div class=\"eael-post-list-wrap\"><div class=\"eael-post-list-posts-wrap eael-post-appender eael-post-appender-047beaa\"><div class=\"eael-post-list-post \"><div class=\"eael-post-list-post-inner\"><div class=\"eael-post-list-thumbnail \"><img decoding=\"async\" src=\"https:\/\/www.egypt-liveaboard.com\/fr\/wp-content\/uploads\/2023\/02\/scuba-diving-safety-gear.webp\" alt=\"S\u00e9curit\u00e9 en plong\u00e9e sous-marine : 10 conseils essentiels\"><a href=\"https:\/\/www.egypt-liveaboard.com\/fr\/conseils-de-plongee\/securite-en-plongee-sous-marine10-conseils\/\"><\/a>\n            <\/div><div class=\"eael-post-list-content\"><div class=\"eael-post-list-title\"><a href=\"https:\/\/www.egypt-liveaboard.com\/fr\/conseils-de-plongee\/securite-en-plongee-sous-marine10-conseils\/\">S\u00e9curit\u00e9 en plong\u00e9e sous-marine : 10 conseils essentiels<\/a><\/div><p>La plong\u00e9e sous-marine en mer Rouge peut \u00eatre une exp\u00e9rience vraiment magique,...<\/p><a href=\"https:\/\/www.egypt-liveaboard.com\/fr\/conseils-de-plongee\/securite-en-plongee-sous-marine10-conseils\/\" class=\"eael-post-elements-readmore-btn\">Lire la suite<\/a><div class=\"boxed-meta\"><\/div><\/div><\/div><\/div><div class=\"eael-post-list-post \"><div class=\"eael-post-list-post-inner\"><div class=\"eael-post-list-thumbnail \"><img decoding=\"async\" src=\"https:\/\/www.egypt-liveaboard.com\/fr\/wp-content\/uploads\/2023\/02\/EG-liveaboardBoats-List-page.webp\" alt=\"D\u00e9couvrez les tr\u00e9sors cach\u00e9s de la mer Rouge lors d&#039;une aventure en croisi\u00e8re plong\u00e9e\"><a href=\"https:\/\/www.egypt-liveaboard.com\/fr\/conseils-de-plongee\/decouvrir-les-tresors-caches-de-la-mer-rouge\/\"><\/a>\n            <\/div><div class=\"eael-post-list-content\"><div class=\"eael-post-list-title\"><a href=\"https:\/\/www.egypt-liveaboard.com\/fr\/conseils-de-plongee\/decouvrir-les-tresors-caches-de-la-mer-rouge\/\">D\u00e9couvrez les tr\u00e9sors cach\u00e9s de la mer Rouge lors d&rsquo;une aventure en croisi\u00e8re plong\u00e9e<\/a><\/div><p>La mer Rouge est un haut lieu de la plong\u00e9e sous-marine et...<\/p><a href=\"https:\/\/www.egypt-liveaboard.com\/fr\/conseils-de-plongee\/decouvrir-les-tresors-caches-de-la-mer-rouge\/\" class=\"eael-post-elements-readmore-btn\">Lire la suite<\/a><div class=\"boxed-meta\"><\/div><\/div><\/div><\/div><div class=\"eael-post-list-post \"><div class=\"eael-post-list-post-inner\"><div class=\"eael-post-list-thumbnail \"><img decoding=\"async\" src=\"https:\/\/www.egypt-liveaboard.com\/fr\/wp-content\/uploads\/2023\/02\/underwater-photography.webp\" alt=\"Photographie sous-marine en mer Rouge\"><a href=\"https:\/\/www.egypt-liveaboard.com\/fr\/conseils-de-plongee\/photographie-sous-marine-en-mer-rouge\/\"><\/a>\n            <\/div><div class=\"eael-post-list-content\"><div class=\"eael-post-list-title\"><a href=\"https:\/\/www.egypt-liveaboard.com\/fr\/conseils-de-plongee\/photographie-sous-marine-en-mer-rouge\/\">Photographie sous-marine en mer Rouge<\/a><\/div><p>La photographie sous-marine en mer Rouge offre une opportunit\u00e9 unique de capturer...<\/p><a href=\"https:\/\/www.egypt-liveaboard.com\/fr\/conseils-de-plongee\/photographie-sous-marine-en-mer-rouge\/\" class=\"eael-post-elements-readmore-btn\">Lire la suite<\/a><div class=\"boxed-meta\"><\/div><\/div><\/div><\/div><div class=\"eael-post-list-post \"><div class=\"eael-post-list-post-inner\"><div class=\"eael-post-list-thumbnail \"><img decoding=\"async\" src=\"https:\/\/www.egypt-liveaboard.com\/fr\/wp-content\/uploads\/2023\/02\/Surface-Marker-Buoy.webp\" alt=\"Bou\u00e9e de marquage de surface\"><a href=\"https:\/\/www.egypt-liveaboard.com\/fr\/conseils-de-plongee\/bouee-de-marquage-de-surface\/\"><\/a>\n            <\/div><div class=\"eael-post-list-content\"><div class=\"eael-post-list-title\"><a href=\"https:\/\/www.egypt-liveaboard.com\/fr\/conseils-de-plongee\/bouee-de-marquage-de-surface\/\">Bou\u00e9e de marquage de surface<\/a><\/div><p>Si vous pr\u00e9voyez un voyage de plong\u00e9e en mer Rouge ou dans...<\/p><a href=\"https:\/\/www.egypt-liveaboard.com\/fr\/conseils-de-plongee\/bouee-de-marquage-de-surface\/\" class=\"eael-post-elements-readmore-btn\">Lire la suite<\/a><div class=\"boxed-meta\"><\/div><\/div><\/div><\/div><div class=\"eael-post-list-post \"><div class=\"eael-post-list-post-inner\"><div class=\"eael-post-list-thumbnail \"><img decoding=\"async\" src=\"https:\/\/www.egypt-liveaboard.com\/fr\/wp-content\/uploads\/2023\/03\/Diver.jpg\" alt=\"Liste de choses essentielles \u00e0 emballer.\"><a href=\"https:\/\/www.egypt-liveaboard.com\/fr\/conseils-de-plongee\/liste-de-choses-essentielles\/\"><\/a>\n            <\/div><div class=\"eael-post-list-content\"><div class=\"eael-post-list-title\"><a href=\"https:\/\/www.egypt-liveaboard.com\/fr\/conseils-de-plongee\/liste-de-choses-essentielles\/\">Liste de choses essentielles \u00e0 emballer.<\/a><\/div><p>Partir en voyage en liveaboard en mer Rouge, en \u00c9gypte, est une...<\/p><a href=\"https:\/\/www.egypt-liveaboard.com\/fr\/conseils-de-plongee\/liste-de-choses-essentielles\/\" class=\"eael-post-elements-readmore-btn\">Lire la suite<\/a><div class=\"boxed-meta\"><\/div><\/div><\/div><\/div><div class=\"eael-post-list-post \"><div class=\"eael-post-list-post-inner\"><div class=\"eael-post-list-thumbnail \"><img decoding=\"async\" src=\"https:\/\/www.egypt-liveaboard.com\/fr\/wp-content\/uploads\/2023\/05\/best-10-red-sea-liveaboard-dive-site-1.jpg\" alt=\"Les 10 meilleurs sites de plong\u00e9e en mer Rouge pour les croisi\u00e8res plong\u00e9e (liveaboard).\"><a href=\"https:\/\/www.egypt-liveaboard.com\/fr\/conseils-de-plongee\/les-10-meilleurs-sites-de-plongee\/\"><\/a>\n            <\/div><div class=\"eael-post-list-content\"><div class=\"eael-post-list-title\"><a href=\"https:\/\/www.egypt-liveaboard.com\/fr\/conseils-de-plongee\/les-10-meilleurs-sites-de-plongee\/\">Les 10 meilleurs sites de plong\u00e9e en mer Rouge pour les croisi\u00e8res plong\u00e9e (liveaboard).<\/a><\/div><p>La mer Rouge est un paradis pour les plongeurs, offrant une pl\u00e9thore...<\/p><a href=\"https:\/\/www.egypt-liveaboard.com\/fr\/conseils-de-plongee\/les-10-meilleurs-sites-de-plongee\/\" class=\"eael-post-elements-readmore-btn\">Lire la suite<\/a><div class=\"boxed-meta\"><\/div><\/div><\/div><\/div><\/div><\/div>\n\t\t<\/div>\t\t<\/div>\n\t\t\t\t<\/div>\n\t\t\t\t\t<\/div>\n\t\t<\/div>\n\t\t\t\t\t\t\t<\/div>\n\t\t<\/section>\n\t\t\t\t\t\t\t<\/div>\n\t\t","protected":false},"excerpt":{"rendered":"<p>Conseils et astuces de plong\u00e9e D\u00e9couvrez la beaut\u00e9 et la diversit\u00e9 de la mer Rouge en toute facilit\u00e9 : conseils de plong\u00e9e essentiels pour une exp\u00e9rience s\u00fbre et m\u00e9morable. Meilleur site de plong\u00e9e sous-marine en \u00c9gypte Meilleures plong\u00e9es sur \u00e9paves en \u00c9gypte Foire aux questions (FAQ) sur les croisi\u00e8res plong\u00e9e en mer Rouge TOUTConseils de [&hellip;]<\/p>\n","protected":false},"author":1,"featured_media":14491,"parent":0,"menu_order":0,"comment_status":"closed","ping_status":"closed","template":"","meta":{"footnotes":""},"categories":[],"tags":[],"_links":{"self":[{"href":"https:\/\/www.egypt-liveaboard.com\/fr\/wp-json\/wp\/v2\/pages\/15083"}],"collection":[{"href":"https:\/\/www.egypt-liveaboard.com\/fr\/wp-json\/wp\/v2\/pages"}],"about":[{"href":"https:\/\/www.egypt-liveaboard.com\/fr\/wp-json\/wp\/v2\/types\/page"}],"author":[{"embeddable":true,"href":"https:\/\/www.egypt-liveaboard.com\/fr\/wp-json\/wp\/v2\/users\/1"}],"replies":[{"embeddable":true,"href":"https:\/\/www.egypt-liveaboard.com\/fr\/wp-json\/wp\/v2\/comments?post=15083"}],"version-history":[{"count":7,"href":"https:\/\/www.egypt-liveaboard.com\/fr\/wp-json\/wp\/v2\/pages\/15083\/revisions"}],"predecessor-version":[{"id":24906,"href":"https:\/\/www.egypt-liveaboard.com\/fr\/wp-json\/wp\/v2\/pages\/15083\/revisions\/24906"}],"wp:featuredmedia":[{"embeddable":true,"href":"https:\/\/www.egypt-liveaboard.com\/fr\/wp-json\/wp\/v2\/media\/14491"}],"wp:attachment":[{"href":"https:\/\/www.egypt-liveaboard.com\/fr\/wp-json\/wp\/v2\/media?parent=15083"}],"wp:term":[{"taxonomy":"category","embeddable":true,"href":"https:\/\/www.egypt-liveaboard.com\/fr\/wp-json\/wp\/v2\/categories?post=15083"},{"taxonomy":"post_tag","embeddable":true,"href":"https:\/\/www.egypt-liveaboard.com\/fr\/wp-json\/wp\/v2\/tags?post=15083"}],"curies":[{"name":"wp","href":"https:\/\/api.w.org\/{rel}","templated":true}]}}